{"id":436,"date":"2017-10-25T11:30:51","date_gmt":"2017-10-25T11:30:51","guid":{"rendered":"https:\/\/victorthemes.com\/themes\/glazov\/?page_id=436"},"modified":"2026-03-13T18:33:15","modified_gmt":"2026-03-13T18:33:15","slug":"about-me","status":"publish","type":"page","link":"https:\/\/www.piotrtolloczko.pl\/?page_id=436","title":{"rendered":"O mnie"},"content":{"rendered":"<div class=\"wpb-content-wrapper\"><p>[vc_row overlay_dotted=&#8221;&#8221; inner_row_width=&#8221;width_eight&#8221;][vc_column][vc_custom_heading text=&#8221;Fotografi\u0105 zajmuje si\u0119 od wielu lat a gatunki kt\u00f3re s\u0105 mi najbli\u017csze to reporta\u017c, portret i fotografia koncertowa. Wykonuj\u0119 r\u00f3wnie\u017c sesje okoliczno\u015bciowe, rodzinne, itp. Pracuj\u0119 zar\u00f3wno w plenerze jak i w warunkach studyjnych. Zapraszam do wsp\u00f3\u0142pracy&#8221; font_container=&#8221;tag:h2|font_size:36|text_align:center&#8221; google_fonts=&#8221;font_family:Dosis%3A200%2C300%2Cregular%2C500%2C600%2C700%2C800|font_style:600%20bold%20regular%3A600%3Anormal&#8221; css=&#8221;&#8221; el_class=&#8221;about-me-title&#8221;][vc_custom_heading text=&#8221;&#8222;fotografia przedstawia co\u015b wi\u0119cej ni\u017c chcia\u0142 pokaza\u0107 autor&#8222;&#8221; font_container=&#8221;tag:p|font_size:17|text_align:center|color:%23444444|line_height:28px&#8221; google_fonts=&#8221;font_family:Dosis%3A200%2C300%2Cregular%2C500%2C600%2C700%2C800|font_style:500%20bold%20regular%3A500%3Anormal&#8221; css=&#8221;&#8221; el_class=&#8221;about-me-title&#8221;][\/vc_column][\/vc_row][vc_row][vc_column][vc_single_image image=&#8221;1089&#8243; img_size=&#8221;500&#215;500&#8243; alignment=&#8221;center&#8221; style=&#8221;vc_box_border&#8221; css=&#8221;&#8221;][\/vc_column][\/vc_row]<\/p>\n<\/div>","protected":false},"excerpt":{"rendered":"[vc_row overlay_dotted=&#8221;&#8221; inner_row_width=&#8221;width_eight&#8221;][vc_column][vc_custom_heading text=&#8221;Fotografi\u0105 zajmuje si\u0119 od wielu lat a gatunki kt\u00f3re s\u0105 mi najbli\u017csze to reporta\u017c, portret i fotografia koncertowa. Wykonuj\u0119 r\u00f3wnie\u017c sesje okoliczno\u015bciowe, rodzinne, itp. Pracuj\u0119 zar\u00f3wno w plenerze jak i w warunkach studyjnych. Zapraszam do wsp\u00f3\u0142pracy&#8221; font_container=&#8221;tag:h2|font_size:36|text_align:center&#8221; google_fonts=&#8221;font_family:Dosis%3A200%2C300%2Cregular%2C500%2C600%2C700%2C800|font_style:600%20bold%20regular%3A600%3Anormal&#8221; css=&#8221;&#8221; el_class=&#8221;about-me-title&#8221;][vc_custom_heading text=&#8221;&#8222;fotografia przedstawia co\u015b wi\u0119cej ni\u017c chcia\u0142 pokaza\u0107 autor&#8222;&#8221; font_container=&#8221;tag:p|font_size:17|text_align:center|color:%23444444|line_height:28px&#8221; google_fonts=&#8221;font_family:Dosis%3A200%2C300%2Cregular%2C500%2C600%2C700%2C800|font_style:500%20bold%20regular%3A500%3Anormal&#8221; css=&#8221;&#8221; el_class=&#8221;about-me-title&#8221;][\/vc_column][\/vc_row][vc_row][vc_column][vc_single_image&#8230;","protected":false},"author":1,"featured_media":1303,"parent":0,"menu_order":0,"comment_status":"closed","ping_status":"closed","template":"","meta":{"_monsterinsights_skip_tracking":false,"_monsterinsights_sitenote_active":false,"_monsterinsights_sitenote_note":"","_monsterinsights_sitenote_category":0,"footnotes":""},"class_list":["post-436","page","type-page","status-publish","has-post-thumbnail","hentry"],"aioseo_notices":[],"_links":{"self":[{"href":"https:\/\/www.piotrtolloczko.pl\/index.php?rest_route=\/wp\/v2\/pages\/436","targetHints":{"allow":["GET"]}}],"collection":[{"href":"https:\/\/www.piotrtolloczko.pl\/index.php?rest_route=\/wp\/v2\/pages"}],"about":[{"href":"https:\/\/www.piotrtolloczko.pl\/index.php?rest_route=\/wp\/v2\/types\/page"}],"author":[{"embeddable":true,"href":"https:\/\/www.piotrtolloczko.pl\/index.php?rest_route=\/wp\/v2\/users\/1"}],"replies":[{"embeddable":true,"href":"https:\/\/www.piotrtolloczko.pl\/index.php?rest_route=%2Fwp%2Fv2%2Fcomments&post=436"}],"version-history":[{"count":17,"href":"https:\/\/www.piotrtolloczko.pl\/index.php?rest_route=\/wp\/v2\/pages\/436\/revisions"}],"predecessor-version":[{"id":1435,"href":"https:\/\/www.piotrtolloczko.pl\/index.php?rest_route=\/wp\/v2\/pages\/436\/revisions\/1435"}],"wp:featuredmedia":[{"embeddable":true,"href":"https:\/\/www.piotrtolloczko.pl\/index.php?rest_route=\/wp\/v2\/media\/1303"}],"wp:attachment":[{"href":"https:\/\/www.piotrtolloczko.pl\/index.php?rest_route=%2Fwp%2Fv2%2Fmedia&parent=436"}],"curies":[{"name":"wp","href":"https:\/\/api.w.org\/{rel}","templated":true}]}}